{"id":478,"date":"2024-08-26T16:06:41","date_gmt":"2024-08-26T13:06:41","guid":{"rendered":"https:\/\/tokentactics.ru\/?page_id=2"},"modified":"2025-05-13T12:16:41","modified_gmt":"2025-05-13T09:16:41","slug":"top-8-cryptocurrency-exchanges","status":"publish","type":"page","link":"https:\/\/ecoinecho.com\/pl\/top-8-cryptocurrency-exchanges\/","title":{"rendered":"TOP 8 gie\u0142d kryptowalut"},"content":{"rendered":"\n<div class=\"wp-block-columns are-vertically-aligned-center block-1 is-layout-flex wp-container-core-columns-is-layout-9d6595d7 wp-block-columns-is-layout-flex\">\n<div class=\"wp-block-column is-vertically-aligned-center is-layout-flow wp-block-column-is-layout-flow\">\n<h2 class=\"wp-block-heading\">Jak oceniamy nasze gie\u0142dy kryptowalut<\/h2>\n\n\n\n<p>Aby dowiedzie\u0107 si\u0119, w kt\u00f3re gie\u0142dy kryptowalut naprawd\u0119 warto zainwestowa\u0107, przeprowadzili\u015bmy szczeg\u00f3\u0142ow\u0105 analiz\u0119 ka\u017cdej platformy, zaczynaj\u0105c od jej funkcjonalno\u015bci.<\/p>\n\n\n\n<p>G\u0142\u00f3wnym kryterium przy wyborze gie\u0142dy kryptowalut powinno by\u0107 bezpiecze\u0144stwo. Dlatego preferujemy gie\u0142dy, kt\u00f3re wykorzystuj\u0105 wielopoziomow\u0105 ochron\u0119 \u015brodk\u00f3w, a tak\u017ce oferuj\u0105 uwierzytelnianie dwusk\u0142adnikowe (2FA), ochron\u0119 przed atakami DDoS i zimne przechowywanie aktyw\u00f3w. Ocenili\u015bmy r\u00f3wnie\u017c dost\u0119pne pary walutowe i op\u0142aty transakcyjne oraz przetestowali\u015bmy szybko\u015b\u0107 realizacji zlece\u0144 na ka\u017cdej gie\u0142dzie.<\/p>\n\n\n\n<p>Nast\u0119pnie przyjrzeli\u015bmy si\u0119 wygodzie i \u0142atwo\u015bci u\u017cytkowania platform \u2013 od rejestracji i weryfikacji po proces handlu i wyp\u0142aty. Obs\u0142uga klienta to kolejny wa\u017cny aspekt, kt\u00f3ry wzi\u0119li\u015bmy pod uwag\u0119. Sprawdzili\u015bmy dost\u0119pno\u015b\u0107 pomocy dla u\u017cytkownik\u00f3w, przeanalizowali\u015bmy dost\u0119pne kana\u0142y komunikacji i efektywno\u015b\u0107 pracy zespo\u0142u wsparcia. Por\u00f3wnali\u015bmy wszystkie te czynniki z planami cenowymi, aby ustali\u0107, czy us\u0142ugi gie\u0142dy uzasadniaj\u0105 swoj\u0105 cen\u0119. Na koniec przeanalizowali\u015bmy r\u00f3wnie\u017c opinie u\u017cytkownik\u00f3w, zar\u00f3wno pozytywne, jak i negatywne.<\/p>\n<\/div>\n\n\n\n<div class=\"wp-block-column is-vertically-aligned-center is-layout-flow wp-block-column-is-layout-flow\">\n<div class=\"wp-block-columns is-layout-flex wp-container-core-columns-is-layout-9d6595d7 wp-block-columns-is-layout-flex\">\n<div class=\"wp-block-column is-layout-flow wp-block-column-is-layout-flow\">\n<figure class=\"wp-block-image size-full\"><img loading=\"lazy\" decoding=\"async\" width=\"40\" height=\"40\" src=\"https:\/\/ecoinecho.com\/pl\/wp-content\/uploads\/sites\/4\/2025\/05\/block-icon-1.png\" alt=\"\" class=\"wp-image-571\"\/><\/figure>\n\n\n\n<p>Funkcje<\/p>\n<\/div>\n\n\n\n<div class=\"wp-block-column is-layout-flow wp-block-column-is-layout-flow\">\n<figure class=\"wp-block-image size-full\"><img loading=\"lazy\" decoding=\"async\" width=\"40\" height=\"40\" src=\"https:\/\/ecoinecho.com\/pl\/wp-content\/uploads\/sites\/4\/2025\/05\/block-icon-2.png\" alt=\"\" class=\"wp-image-572\"\/><\/figure>\n\n\n\n<p>Wygoda<\/p>\n<\/div>\n\n\n\n<div class=\"wp-block-column is-layout-flow wp-block-column-is-layout-flow\">\n<figure class=\"wp-block-image size-full\"><img loading=\"lazy\" decoding=\"async\" width=\"40\" height=\"40\" src=\"https:\/\/ecoinecho.com\/pl\/wp-content\/uploads\/sites\/4\/2025\/05\/block-icon-3.png\" alt=\"\" class=\"wp-image-570\"\/><\/figure>\n\n\n\n<p>Cena<\/p>\n<\/div>\n\n\n\n<div class=\"wp-block-column is-layout-flow wp-block-column-is-layout-flow\">\n<figure class=\"wp-block-image size-full\"><img loading=\"lazy\" decoding=\"async\" width=\"40\" height=\"40\" src=\"https:\/\/ecoinecho.com\/pl\/wp-content\/uploads\/sites\/4\/2025\/05\/block-icon-4.png\" alt=\"\" class=\"wp-image-568\"\/><\/figure>\n\n\n\n<p>Ocena u\u017cytkownika<\/p>\n<\/div>\n\n\n\n<div class=\"wp-block-column is-layout-flow wp-block-column-is-layout-flow\">\n<figure class=\"wp-block-image size-full\"><img loading=\"lazy\" decoding=\"async\" width=\"40\" height=\"40\" src=\"https:\/\/ecoinecho.com\/pl\/wp-content\/uploads\/sites\/4\/2025\/05\/block-icon-5.png\" alt=\"\" class=\"wp-image-569\"\/><\/figure>\n\n\n\n<p>Wsparcie<\/p>\n<\/div>\n<\/div>\n<\/div>\n<\/div>\n\n\n\n<h2 class=\"wp-block-heading has-text-align-center\">Najlepsze dzisiejsze bonusy na gie\u0142dzie kryptowalut<\/h2>\n\n\n\n<div class=\"wp-block-columns block-2 is-layout-flex wp-container-core-columns-is-layout-9d6595d7 wp-block-columns-is-layout-flex\">\n<div class=\"wp-block-column is-layout-flow wp-block-column-is-layout-flow\"><div class=\"wp-block-image\">\n<figure class=\"aligncenter size-full\"><img loading=\"lazy\" decoding=\"async\" width=\"297\" height=\"300\" src=\"https:\/\/ecoinecho.com\/wp-content\/uploads\/2025\/02\/okxpng.jpg\" alt=\"\" class=\"wp-image-356\"\/><\/figure><\/div>\n\n\n<h3 class=\"wp-block-heading has-text-align-center\">OKX<\/h3>\n\n\n\n<p class=\"has-text-align-center shield\">Tajemnicza nagroda o warto\u015bci do 10 000$<\/p>\n\n\n\n<p class=\"has-text-align-center orange-btn\">Odwied\u017a witryn\u0119<\/p>\n\n\n\n<p class=\"has-text-align-center link\"><a href=\"https:\/\/www.okx.com\/join\/49991855\" target=\"_blank\" rel=\"noreferrer noopener\">site<\/a><\/p>\n<\/div>\n\n\n\n<div class=\"wp-block-column is-layout-flow wp-block-column-is-layout-flow\"><div class=\"wp-block-image\">\n<figure class=\"aligncenter size-full\"><img loading=\"lazy\" decoding=\"async\" width=\"297\" height=\"300\" src=\"https:\/\/ecoinecho.com\/wp-content\/uploads\/2025\/02\/mexc.jpg\" alt=\"\" class=\"wp-image-355\"\/><\/figure><\/div>\n\n\n<h3 class=\"wp-block-heading has-text-align-center\">MEXC<\/h3>\n\n\n\n<p class=\"has-text-align-center shield\">Bonus powitalny do 8000 USDT<\/p>\n\n\n\n<p class=\"has-text-align-center orange-btn\">Odwied\u017a witryn\u0119<\/p>\n\n\n\n<p class=\"has-text-align-center link\"><a href=\"https:\/\/www.mexc.com\/ru-RU\/register?inviteCode=mexc-1JxeH\" target=\"_blank\" rel=\"noreferrer noopener\">site<\/a><\/p>\n<\/div>\n\n\n\n<div class=\"wp-block-column is-layout-flow wp-block-column-is-layout-flow\"><div class=\"wp-block-image\">\n<figure class=\"aligncenter size-full\"><img loading=\"lazy\" decoding=\"async\" width=\"297\" height=\"300\" src=\"https:\/\/ecoinecho.com\/wp-content\/uploads\/2025\/02\/bybit.jpg\" alt=\"\" class=\"wp-image-351\"\/><\/figure><\/div>\n\n\n<h3 class=\"wp-block-heading has-text-align-center\">Bybit<\/h3>\n\n\n\n<p class=\"has-text-align-center shield\">Promocje, bonusy dla nowych<\/p>\n\n\n\n<p class=\"has-text-align-center orange-btn\">Odwied\u017a witryn\u0119<\/p>\n\n\n\n<p class=\"has-text-align-center link\"><a href=\"https:\/\/partner.bybit.com\/b\/BONUS30000RU\" target=\"_blank\" rel=\"noreferrer noopener\">site<\/a><\/p>\n<\/div>\n<\/div>\n","protected":false},"excerpt":{"rendered":"<p>Jak oceniamy nasze gie\u0142dy kryptowalut Aby dowiedzie\u0107 si\u0119, w kt\u00f3re gie\u0142dy kryptowalut naprawd\u0119 warto zainwestowa\u0107, przeprowadzili\u015bmy szczeg\u00f3\u0142ow\u0105 analiz\u0119 ka\u017cdej platformy, zaczynaj\u0105c od jej funkcjonalno\u015bci. G\u0142\u00f3wnym kryterium przy wyborze gie\u0142dy kryptowalut powinno by\u0107 bezpiecze\u0144stwo. Dlatego preferujemy gie\u0142dy, kt\u00f3re wykorzystuj\u0105 wielopoziomow\u0105 ochron\u0119 \u015brodk\u00f3w, a tak\u017ce oferuj\u0105 uwierzytelnianie dwusk\u0142adnikowe (2FA), ochron\u0119 przed atakami DDoS i zimne przechowywanie aktyw\u00f3w. [&hellip;]<\/p>\n","protected":false},"author":1,"featured_media":0,"parent":0,"menu_order":0,"comment_status":"closed","ping_status":"closed","template":"top.php","meta":{"_acf_changed":false,"footnotes":""},"yst_prominent_words":[],"class_list":["post-478","page","type-page","status-publish",""],"acf":[],"_links":{"self":[{"href":"https:\/\/ecoinecho.com\/pl\/wp-json\/wp\/v2\/pages\/478","targetHints":{"allow":["GET"]}}],"collection":[{"href":"https:\/\/ecoinecho.com\/pl\/wp-json\/wp\/v2\/pages"}],"about":[{"href":"https:\/\/ecoinecho.com\/pl\/wp-json\/wp\/v2\/types\/page"}],"author":[{"embeddable":true,"href":"https:\/\/ecoinecho.com\/pl\/wp-json\/wp\/v2\/users\/1"}],"replies":[{"embeddable":true,"href":"https:\/\/ecoinecho.com\/pl\/wp-json\/wp\/v2\/comments?post=478"}],"version-history":[{"count":0,"href":"https:\/\/ecoinecho.com\/pl\/wp-json\/wp\/v2\/pages\/478\/revisions"}],"wp:attachment":[{"href":"https:\/\/ecoinecho.com\/pl\/wp-json\/wp\/v2\/media?parent=478"}],"wp:term":[{"taxonomy":"yst_prominent_words","embeddable":true,"href":"https:\/\/ecoinecho.com\/pl\/wp-json\/wp\/v2\/yst_prominent_words?post=478"}],"curies":[{"name":"wp","href":"https:\/\/api.w.org\/{rel}","templated":true}]}}