{"id":550,"date":"2025-05-04T14:41:11","date_gmt":"2025-05-04T11:41:11","guid":{"rendered":"https:\/\/ecoinecho.com\/pl\/?page_id=550"},"modified":"2025-05-20T12:30:20","modified_gmt":"2025-05-20T09:30:20","slug":"privacy-policy","status":"publish","type":"page","link":"https:\/\/ecoinecho.com\/pl\/privacy-policy\/","title":{"rendered":"Polityka prywatno\u015bci"},"content":{"rendered":"\n<h2 class=\"wp-block-heading\">Podstawowe terminy i poj\u0119cia<\/h2>\n\n\n\n<p>W niniejszej polityce prywatno\u015bci maj\u0105 zastosowanie nast\u0119puj\u0105ce warunki:<\/p>\n\n\n\n<p>\u201eStrona\u201d \u2013 zas\u00f3b internetowy ecoinecho.com<\/p>\n\n\n\n<p>\u201eAdministracja serwisu\u201d \u2013 pracownicy zarz\u0105dzaj\u0105cy serwisem, maj\u0105cy prawo do przetwarzania danych osobowych u\u017cytkownik\u00f3w.<\/p>\n\n\n\n<p>\u201eDane osobowe\u201d \u2013 informacje osobowe dotycz\u0105ce ka\u017cdej osoby odwiedzaj\u0105cej witryn\u0119.<\/p>\n\n\n\n<p>\u201ePrzetwarzanie danych osobowych\u201d oznacza proces zwi\u0105zany ze zbieraniem, rejestrowaniem i systematyzowaniem danych osobowych w spos\u00f3b r\u0119czny lub automatyczny.<\/p>\n\n\n\n<p>\u201ePoufno\u015b\u0107 danych osobowych\u201d oznacza zobowi\u0105zanie administracji serwisu do nieprzekazywania i nieujawniania danych osobowych osobom trzecim bez zgody osoby, kt\u00f3rej dane dotycz\u0105.<\/p>\n\n\n\n<p>\u201eU\u017cytkownikiem witryny\u201d jest osoba fizyczna odwiedzaj\u0105ca witryn\u0119 za po\u015brednictwem Internetu.<\/p>\n\n\n\n<h2 class=\"wp-block-heading\">Postanowienia og\u00f3lne<\/h2>\n\n\n\n<p>2.1 Interakcja u\u017cytkownika ze stron\u0105 internetow\u0105 oznacza zgod\u0119 na obowi\u0105zuj\u0105c\u0105 Polityk\u0119 Prywatno\u015bci.<\/p>\n\n\n\n<p>2.2 Je\u017celi u\u017cytkownik nie zgadza si\u0119 z przedstawion\u0105 Polityk\u0105 Prywatno\u015bci, powinien zaprzesta\u0107 korzystania z serwisu.<\/p>\n\n\n\n<p>2.3 Niniejsza Polityka Prywatno\u015bci ma zastosowanie wy\u0142\u0105cznie do witryny internetowej Ecoinecho.com i nie ma zastosowania do innych zasob\u00f3w internetowych, do kt\u00f3rych u\u017cytkownik mo\u017ce uzyska\u0107 dost\u0119p.<\/p>\n\n\n\n<p>2.4 Administracja nie ponosi odpowiedzialno\u015bci za prawid\u0142owo\u015b\u0107 i poprawno\u015b\u0107 danych osobowych u\u017cytkownik\u00f3w.<\/p>\n\n\n\n<h2 class=\"wp-block-heading\">Przedmiot polityki prywatno\u015bci<\/h2>\n\n\n\n<p>3.1 Niniejsza Polityka Prywatno\u015bci reguluje obowi\u0105zki administratora serwisu dotycz\u0105ce poufno\u015bci i ochrony danych osobowych, kt\u00f3re u\u017cytkownicy pozostawiaj\u0105 podczas rejestracji lub innych dzia\u0142a\u0144 na stronie.<\/p>\n\n\n\n<p>3.2 Dane osobowe mog\u0105 by\u0107 uzyskane podczas procedury rejestracji na stronie internetowej lub innych dzia\u0142a\u0144 u\u017cytkownika. Mog\u0105 zawiera\u0107 nast\u0119puj\u0105ce dane:<\/p>\n\n\n\n<ul class=\"wp-block-list\">\n<li>Nazwisko, Imi\u0119, Patronim;<\/li>\n\n\n\n<li>Numer telefonu;<\/li>\n\n\n\n<li>E-mail;<\/li>\n\n\n\n<li>Adres miejsca zamieszkania.<\/li>\n<\/ul>\n\n\n\n<p>3.3 Inne dane osobowe, kt\u00f3re nie zosta\u0142y okre\u015blone powy\u017cej, r\u00f3wnie\u017c nie podlegaj\u0105 ujawnieniu, z wyj\u0105tkiem danych okre\u015blonych w punktach 5.2 i 5.3 niniejszej Polityki Prywatno\u015bci.<\/p>\n\n\n\n<h2 class=\"wp-block-heading\">Cele gromadzenia danych osobowych<\/h2>\n\n\n\n<p>Dane osobowe u\u017cytkownik\u00f3w serwisu mog\u0105 by\u0107 wykorzystywane w nast\u0119puj\u0105cych celach:<\/p>\n\n\n\n<ul class=\"wp-block-list\">\n<li>Identyfikacja u\u017cytkownika;<\/li>\n\n\n\n<li>Otwarcie dost\u0119pu do spersonalizowanych informacji;<\/li>\n\n\n\n<li>Komunikacja osobista z u\u017cytkownikami, wysy\u0142anie powiadomie\u0144;<\/li>\n\n\n\n<li>Utw\u00f3rz konto, aby sk\u0142ada\u0107 zam\u00f3wienia;<\/li>\n\n\n\n<li>Udzielanie wsparcia technicznego w przypadku problem\u00f3w z interakcj\u0105 ze stron\u0105;<\/li>\n\n\n\n<li>Wysy\u0142anie, za zgod\u0105 u\u017cytkownika, powiadomie\u0144 o charakterze informacyjnym i reklamowym;<\/li>\n<\/ul>\n\n\n\n<h2 class=\"wp-block-heading\">Metody i terminy przetwarzania danych osobowych<\/h2>\n\n\n\n<p>5.1 Przetwarzanie danych osobowych odbywa si\u0119 w spos\u00f3b zautomatyzowany lub r\u0119czny, zgodnie z ustawodawstwem Republiki Bia\u0142orusi.<\/p>\n\n\n\n<p>5.2 Podaj\u0105c swoje dane osobowe u\u017cytkownik wyra\u017ca zgod\u0119 na ich przekazanie firmom kurierskim, pocztowym i operatorom telekomunikacyjnym w celu realizacji zam\u00f3wionej us\u0142ugi lub produktu.<\/p>\n\n\n\n<p>5.3. Dane osobowe mog\u0105 zosta\u0107 przekazane uprawnionym organom rz\u0105dowym na podstawie obowi\u0105zuj\u0105cego prawa Republiki Bia\u0142orusi.<\/p>\n\n\n\n<p>5.4 W przypadku utraty lub ujawnienia danych osobowych administracja serwisu poinformuje o tym u\u017cytkownika.<\/p>\n\n\n\n<p>5.5 Administracja podejmuje wszelkie \u015brodki maj\u0105ce na celu ochron\u0119 i zapobieganie utracie, kradzie\u017cy, kopiowaniu i zmianie danych osobowych u\u017cytkownika.<\/p>\n\n\n\n<h2 class=\"wp-block-heading\">Obowi\u0105zki stron<\/h2>\n\n\n\n<p>6.1 U\u017cytkownik serwisu zobowi\u0105zany jest do:<\/p>\n\n\n\n<ul class=\"wp-block-list\">\n<li>Podaj dok\u0142adne dane osobowe niezb\u0119dne do korzystania z serwisu.<\/li>\n\n\n\n<li>W przypadku zmiany danych osobowych nale\u017cy poda\u0107 aktualne informacje.<\/li>\n<\/ul>\n\n\n\n<p>6.2 Administracja serwisu zobowi\u0105zana jest do:<\/p>\n\n\n\n<ul class=\"wp-block-list\">\n<li>Dane osobowe nale\u017cy wykorzystywa\u0107 wy\u0142\u0105cznie w przypadkach okre\u015blonych w paragrafie 4 niniejszej polityki prywatno\u015bci.<\/li>\n\n\n\n<li>Zachowaj poufno\u015b\u0107 danych osobowych i nie ujawniaj ich bez zgody u\u017cytkownika witryny, z wyj\u0105tkiem sytuacji opisanych w punktach 5.2 i 5.3 niniejszej polityki prywatno\u015bci.<\/li>\n\n\n\n<li>Podj\u0105\u0107 wszelkie \u015brodki maj\u0105ce na celu ochron\u0119 danych osobowych u\u017cytkownika.<\/li>\n\n\n\n<li>Usun\u0105\u0107 i zablokowa\u0107 dane osobowe u\u017cytkownika na jego \u017c\u0105danie.<\/li>\n<\/ul>\n\n\n\n<h2 class=\"wp-block-heading\">Obowi\u0105zki stron<\/h2>\n\n\n\n<p>7.1 Za przekazywanie danych osobowych osobom trzecim odpowiada administracja serwisu.<\/p>\n\n\n\n<p>7.2 Administracja serwisu nie ponosi odpowiedzialno\u015bci za utrat\u0119 lub ujawnienie informacji w nast\u0119puj\u0105cych przypadkach:<\/p>\n\n\n\n<ul class=\"wp-block-list\">\n<li>je\u015bli dane osobowe sta\u0142y si\u0119 wcze\u015bniej publicznie znane;<\/li>\n\n\n\n<li>je\u015bli zosta\u0142a otrzymana od os\u00f3b trzecich przed otrzymaniem jej przez administracj\u0119 witryny;<\/li>\n\n\n\n<li>je\u015bli ujawnienie nast\u0105pi\u0142o za zgod\u0105 u\u017cytkownika witryny.<\/li>\n<\/ul>\n\n\n\n<h2 class=\"wp-block-heading\">Warunki dodatkowe<\/h2>\n\n\n\n<p>8.1 Administracja serwisu ma prawo dokonywa\u0107 zmian w niniejszej polityce prywatno\u015bci.<\/p>\n\n\n\n<p>8.2 Zaktualizowana polityka prywatno\u015bci wchodzi w \u017cycie z chwil\u0105 jej opublikowania na stronie internetowej.<\/p>\n\n\n\n<p>8.3 Wszelkie pytania dotycz\u0105ce niniejszej polityki prywatno\u015bci nale\u017cy kierowa\u0107 na adres info@ecoinecho.com<\/p>\n","protected":false},"excerpt":{"rendered":"<p>Podstawowe terminy i poj\u0119cia W niniejszej polityce prywatno\u015bci maj\u0105 zastosowanie nast\u0119puj\u0105ce warunki: \u201eStrona\u201d \u2013 zas\u00f3b internetowy ecoinecho.com \u201eAdministracja serwisu\u201d \u2013 pracownicy zarz\u0105dzaj\u0105cy serwisem, maj\u0105cy prawo do przetwarzania danych osobowych u\u017cytkownik\u00f3w. \u201eDane osobowe\u201d \u2013 informacje osobowe dotycz\u0105ce ka\u017cdej osoby odwiedzaj\u0105cej witryn\u0119. \u201ePrzetwarzanie danych osobowych\u201d oznacza proces zwi\u0105zany ze zbieraniem, rejestrowaniem i systematyzowaniem danych osobowych w spos\u00f3b [&hellip;]<\/p>\n","protected":false},"author":1,"featured_media":0,"parent":0,"menu_order":0,"comment_status":"closed","ping_status":"closed","template":"","meta":{"_acf_changed":false,"footnotes":""},"yst_prominent_words":[],"class_list":["post-550","page","type-page","status-publish",""],"acf":[],"_links":{"self":[{"href":"https:\/\/ecoinecho.com\/pl\/wp-json\/wp\/v2\/pages\/550","targetHints":{"allow":["GET"]}}],"collection":[{"href":"https:\/\/ecoinecho.com\/pl\/wp-json\/wp\/v2\/pages"}],"about":[{"href":"https:\/\/ecoinecho.com\/pl\/wp-json\/wp\/v2\/types\/page"}],"author":[{"embeddable":true,"href":"https:\/\/ecoinecho.com\/pl\/wp-json\/wp\/v2\/users\/1"}],"replies":[{"embeddable":true,"href":"https:\/\/ecoinecho.com\/pl\/wp-json\/wp\/v2\/comments?post=550"}],"version-history":[{"count":0,"href":"https:\/\/ecoinecho.com\/pl\/wp-json\/wp\/v2\/pages\/550\/revisions"}],"wp:attachment":[{"href":"https:\/\/ecoinecho.com\/pl\/wp-json\/wp\/v2\/media?parent=550"}],"wp:term":[{"taxonomy":"yst_prominent_words","embeddable":true,"href":"https:\/\/ecoinecho.com\/pl\/wp-json\/wp\/v2\/yst_prominent_words?post=550"}],"curies":[{"name":"wp","href":"https:\/\/api.w.org\/{rel}","templated":true}]}}