{"id":551,"date":"2025-05-04T14:51:23","date_gmt":"2025-05-04T11:51:23","guid":{"rendered":"https:\/\/ecoinecho.com\/pl\/?page_id=551"},"modified":"2025-05-04T14:56:17","modified_gmt":"2025-05-04T11:56:17","slug":"user-agreement","status":"publish","type":"page","link":"https:\/\/ecoinecho.com\/pl\/user-agreement\/","title":{"rendered":"Umowa u\u017cytkownika"},"content":{"rendered":"\n<h2 class=\"wp-block-heading\">Terminy i definicje. Przedmiot umowy<\/h2>\n\n\n\n<p>Identyfikacja to zbi\u00f3r procedur s\u0142u\u017c\u0105cych ustaleniu danych o subskrybencie (u\u017cytkowniku);<\/p>\n\n\n\n<p>Abonent (U\u017cytkownik) \u2013 osoba, kt\u00f3ra wykaza\u0142a zainteresowanie danym zasobem internetowym i skorzysta\u0142a z us\u0142ug tego zasobu za po\u015brednictwem Internetu;<\/p>\n\n\n\n<p>Informacje \u2013 r\u00f3\u017cnorodne informacje graficzne, tekstowe, wideo i audio zamieszczone w zasobie internetowym;<\/p>\n\n\n\n<p>Administracja zasobem jest w\u0142a\u015bcicielem zasobu elektronicznego, kt\u00f3ry jest \u017ar\u00f3d\u0142em informacji, gwarantuj\u0105c jego nieprzerwane dzia\u0142anie i dost\u0119p do niego.<\/p>\n\n\n\n<p>Niniejsza Umowa U\u017cytkownika reguluje stosunki pomi\u0119dzy Administracj\u0105 a U\u017cytkownikami zasobu informacyjnego, a tak\u017ce prawa i obowi\u0105zki stron.<\/p>\n\n\n\n<h2 class=\"wp-block-heading\">Postanowienia og\u00f3lne<\/h2>\n\n\n\n<p>Ka\u017cdy u\u017cytkownik Internetu ma prawo do interakcji ze \u017ar\u00f3d\u0142em informacji i zapoznania si\u0119 z informacjami w nim zaprezentowanymi.<\/p>\n\n\n\n<p>Umowa u\u017cytkownika (w szczeg\u00f3lno\u015bci ka\u017cda jej cz\u0119\u015b\u0107) mo\u017ce zosta\u0107 zmieniona przez administratora zasob\u00f3w w dowolnym momencie bez bezpo\u015bredniego informowania u\u017cytkownika. Najnowsza wersja Umowy U\u017cytkownika wchodzi w \u017cycie z chwil\u0105 jej opublikowania w zasobach informacyjnych.<\/p>\n\n\n\n<p>U\u017cytkownik, kt\u00f3ry nie zgadza si\u0119 z najnowsz\u0105 wersj\u0105 umowy u\u017cytkownika lub jak\u0105kolwiek jej cz\u0119\u015bci\u0105, musi zaprzesta\u0107 korzystania z zasob\u00f3w informacyjnych.<\/p>\n\n\n\n<h2 class=\"wp-block-heading\">W\u0142asno\u015b\u0107 intelektualna<\/h2>\n\n\n\n<p>Wszystkie informacje opublikowane w zasobach informacyjnych, w tym tre\u015bci graficzne, tekstowe, wideo, fotograficzne i audio, s\u0105 chronione i chronione zgodnie z Ustaw\u0105 Republiki Bia\u0142orusi \u201eO prawie autorskim i prawach pokrewnych\u201d. Postanowienie to nie ma zastosowania do materia\u0142\u00f3w informacyjnych zawieraj\u0105cych wyra\u017ane wskazanie pierwotnego \u017ar\u00f3d\u0142a danych.<\/p>\n\n\n\n<p>Wszyscy u\u017cytkownicy Internetu maj\u0105 prawo do korzystania z materia\u0142\u00f3w pobranych ze \u017ar\u00f3d\u0142a informacji wy\u0142\u0105cznie w celach niekomercyjnych (osobistych, informacyjnych, edukacyjnych, badawczych), przy czym przy cytowaniu danych nale\u017cy wskaza\u0107 oryginalne \u017ar\u00f3d\u0142o.<\/p>\n\n\n\n<p>W przypadku problem\u00f3w z kopiowaniem i cytowaniem informacji zamieszczonych w serwisie internetowym, u\u017cytkownik ma prawo zg\u0142osi\u0107 pro\u015bb\u0119 drog\u0105 mailow\u0105 na adres: info@ecoinecho.com.<\/p>\n\n\n\n<p>W przypadku stwierdzenia przypadk\u00f3w naruszenia praw autorskich, administrator zasobu informacyjnego ma prawo \u015bciga\u0107 naruszycieli w ramach post\u0119powania cywilnego, administracyjnego i karnego.<\/p>\n\n\n\n<h2 class=\"wp-block-heading\">Prawa i obowi\u0105zki stron<\/h2>\n\n\n\n<p>U\u017cytkownik ma prawo:<\/p>\n\n\n\n<ul class=\"wp-block-list\">\n<li>korzysta\u0107 z zasob\u00f3w informacyjnych w ramach umowy u\u017cytkownika;<\/li>\n\n\n\n<li>jednostronne rozwi\u0105zanie umowy u\u017cytkownika w dowolnym momencie;<\/li>\n\n\n\n<li>wykorzystywa\u0107 informacje zawarte w zasobach informacyjnych do cel\u00f3w osobistych.<\/li>\n<\/ul>\n\n\n\n<p>U\u017cytkownik zobowi\u0105zany jest do:<\/p>\n\n\n\n<ul class=\"wp-block-list\">\n<li>nie wykorzystuj zasobu informacyjnego do rozsy\u0142ania licznych wiadomo\u015bci marketingowych i innego rodzaju wiadomo\u015bci (spamu);<\/li>\n\n\n\n<li>nie zak\u0142\u00f3ca\u0107 funkcjonowania zasobu informacyjnego, w tym nie u\u017cywa\u0107 specjalistycznego oprogramowania, kt\u00f3re oddzia\u0142uje na zas\u00f3b informacyjny w celu zak\u0142\u00f3cenia jego stabilnego dzia\u0142ania;<\/li>\n\n\n\n<li>nie publikowa\u0107 na zasobach informacyjnych materia\u0142\u00f3w (tekst\u00f3w, grafik, wideo, zdj\u0119\u0107) sprzecznych z ustawodawstwem Republiki Bia\u0142orusi.<\/li>\n<\/ul>\n\n\n\n<p>Administracja zasobem informacyjnym ma prawo do:<\/p>\n\n\n\n<ul class=\"wp-block-list\">\n<li>zako\u0144czy\u0107 \u015bwiadczenie us\u0142ug bez wcze\u015bniejszego powiadomienia u\u017cytkownika;<\/li>\n\n\n\n<li>dokona\u0107 zmian w bie\u017c\u0105cej umowie u\u017cytkownika;<\/li>\n\n\n\n<li>jednostronnie rozwi\u0105za\u0107 umow\u0119 u\u017cytkownika z u\u017cytkownikiem.<\/li>\n<\/ul>\n\n\n\n<p>Administracja zasobu informacyjnego zobowi\u0105zana jest do:<\/p>\n\n\n\n<ul class=\"wp-block-list\">\n<li>\u015bwiadczy\u0107 us\u0142ugi w ramach obowi\u0105zuj\u0105cej umowy u\u017cytkownika;<\/li>\n\n\n\n<li>podj\u0105\u0107 skuteczne \u015brodki w celu ochrony danych osobowych u\u017cytkownika.<\/li>\n<\/ul>\n","protected":false},"excerpt":{"rendered":"<p>Terminy i definicje. Przedmiot umowy Identyfikacja to zbi\u00f3r procedur s\u0142u\u017c\u0105cych ustaleniu danych o subskrybencie (u\u017cytkowniku); Abonent (U\u017cytkownik) \u2013 osoba, kt\u00f3ra wykaza\u0142a zainteresowanie danym zasobem internetowym i skorzysta\u0142a z us\u0142ug tego zasobu za po\u015brednictwem Internetu; Informacje \u2013 r\u00f3\u017cnorodne informacje graficzne, tekstowe, wideo i audio zamieszczone w zasobie internetowym; Administracja zasobem jest w\u0142a\u015bcicielem zasobu elektronicznego, kt\u00f3ry jest [&hellip;]<\/p>\n","protected":false},"author":1,"featured_media":0,"parent":0,"menu_order":0,"comment_status":"closed","ping_status":"closed","template":"","meta":{"_acf_changed":false,"footnotes":""},"yst_prominent_words":[],"class_list":["post-551","page","type-page","status-publish",""],"acf":[],"_links":{"self":[{"href":"https:\/\/ecoinecho.com\/pl\/wp-json\/wp\/v2\/pages\/551","targetHints":{"allow":["GET"]}}],"collection":[{"href":"https:\/\/ecoinecho.com\/pl\/wp-json\/wp\/v2\/pages"}],"about":[{"href":"https:\/\/ecoinecho.com\/pl\/wp-json\/wp\/v2\/types\/page"}],"author":[{"embeddable":true,"href":"https:\/\/ecoinecho.com\/pl\/wp-json\/wp\/v2\/users\/1"}],"replies":[{"embeddable":true,"href":"https:\/\/ecoinecho.com\/pl\/wp-json\/wp\/v2\/comments?post=551"}],"version-history":[{"count":0,"href":"https:\/\/ecoinecho.com\/pl\/wp-json\/wp\/v2\/pages\/551\/revisions"}],"wp:attachment":[{"href":"https:\/\/ecoinecho.com\/pl\/wp-json\/wp\/v2\/media?parent=551"}],"wp:term":[{"taxonomy":"yst_prominent_words","embeddable":true,"href":"https:\/\/ecoinecho.com\/pl\/wp-json\/wp\/v2\/yst_prominent_words?post=551"}],"curies":[{"name":"wp","href":"https:\/\/api.w.org\/{rel}","templated":true}]}}