{"id":581,"date":"2025-05-13T10:49:53","date_gmt":"2025-05-13T07:49:53","guid":{"rendered":"https:\/\/ecoinecho.com\/pl\/?page_id=581"},"modified":"2025-05-13T10:49:53","modified_gmt":"2025-05-13T07:49:53","slug":"sitemap","status":"publish","type":"page","link":"https:\/\/ecoinecho.com\/pl\/sitemap\/","title":{"rendered":"Mapa witryny"},"content":{"rendered":"<div class=\"sitemap-list\">\n<ul>\n<li class=\"sitemap-list__header category-2\"><h3><a href=\"https:\/\/ecoinecho.com\/pl\/news\/\" target=\"_blank\">Kryptowiadomo\u015bci<\/a><\/h3><\/li>\n<li class=\"sitemap-list__block category-2\"><ul>\n  <li><a href=\"https:\/\/ecoinecho.com\/pl\/news\/unlocking-the-future-of-blockchain-redstone-red\/\" target=\"_blank\">RedStone: Jak zarabia\u0107 na Binance Launchpool!<\/a><\/li>\n  <li><a href=\"https:\/\/ecoinecho.com\/pl\/news\/space111\/\" target=\"_blank\">Jak Zarabia\u0107 na Tokenie OIK: Przewodnik dla Graczy<\/a><\/li>\n  <li><a href=\"https:\/\/ecoinecho.com\/pl\/news\/unlock-the-future-join-the-memhash-airdrop-and\/\" target=\"_blank\">Niesamowity Airdrop Memhash: Zdob\u0105d\u017a swoje tokeny ju\u017c dzi\u015b!<\/a><\/li>\n  <li><a href=\"https:\/\/ecoinecho.com\/pl\/news\/top-8-cryptocurrency-cards-from-exchanges-in-2025\/\" target=\"_blank\">Najlepsze Karty Kryptowalutowe na 2025 Rok<\/a><\/li>\n  <li><a href=\"https:\/\/ecoinecho.com\/pl\/news\/how-to-buy-meme-tokens-on-solana-in-2025\/\" target=\"_blank\">Jak Kupowa\u0107 Tokeny Meme na Solanie w 2025 roku: Kompletna Instrukcja<\/a><\/li>\n  <li><a href=\"https:\/\/ecoinecho.com\/pl\/news\/10-proven-ways-to-make-money-with-cryptocurrency\/\" target=\"_blank\">10 sposob\u00f3w na zarabianie na kryptowalutach w 2025 roku!<\/a><\/li>\n  <li><a href=\"https:\/\/ecoinecho.com\/pl\/news\/paws222\/\" target=\"_blank\">Jak zarobi\u0107 na tokenach PAWS podczas wydarzenia na Bybit Launchpool<\/a><\/li>\n  <li><a href=\"https:\/\/ecoinecho.com\/pl\/news\/unmasking-the-broccoli-token-the-next-big-meme\/\" target=\"_blank\">Jak Kupi\u0107 Token BROCCOLI (CZ&#8217;S Dog) w 2025 roku?<\/a><\/li>\n  <li><a href=\"https:\/\/ecoinecho.com\/pl\/news\/unlocking-profit-why-staking-bnb-on-binance-is-a\/\" target=\"_blank\">Dlaczego warto stakowa\u0107 BNB? Odkryj tajemnice airdrop\u00f3w!<\/a><\/li>\n<\/ul><\/li>\n<\/ul>\n<h2>Pages<\/h2>\n<ul>\n<li><a href=\"https:\/\/ecoinecho.com\/pl\/crypto-bonuses\/\" target=\"_blank\">Bonusy na gie\u0142dzie kryptowalut<\/a><\/li><li><a href=\"https:\/\/ecoinecho.com\/pl\/privacy-policy\/\" target=\"_blank\">Polityka prywatno\u015bci<\/a><\/li><li><a href=\"https:\/\/ecoinecho.com\/pl\/top-8-cryptocurrency-exchanges\/\" target=\"_blank\">TOP 8 gie\u0142d kryptowalut<\/a><\/li><li><a href=\"https:\/\/ecoinecho.com\/pl\/user-agreement\/\" target=\"_blank\">Umowa u\u017cytkownika<\/a><\/li><\/ul>\n<\/div>\n","protected":false},"excerpt":{"rendered":"","protected":false},"author":1,"featured_media":0,"parent":0,"menu_order":0,"comment_status":"closed","ping_status":"closed","template":"","meta":{"_acf_changed":false,"footnotes":""},"yst_prominent_words":[],"class_list":["post-581","page","type-page","status-publish",""],"acf":[],"_links":{"self":[{"href":"https:\/\/ecoinecho.com\/pl\/wp-json\/wp\/v2\/pages\/581","targetHints":{"allow":["GET"]}}],"collection":[{"href":"https:\/\/ecoinecho.com\/pl\/wp-json\/wp\/v2\/pages"}],"about":[{"href":"https:\/\/ecoinecho.com\/pl\/wp-json\/wp\/v2\/types\/page"}],"author":[{"embeddable":true,"href":"https:\/\/ecoinecho.com\/pl\/wp-json\/wp\/v2\/users\/1"}],"replies":[{"embeddable":true,"href":"https:\/\/ecoinecho.com\/pl\/wp-json\/wp\/v2\/comments?post=581"}],"version-history":[{"count":0,"href":"https:\/\/ecoinecho.com\/pl\/wp-json\/wp\/v2\/pages\/581\/revisions"}],"wp:attachment":[{"href":"https:\/\/ecoinecho.com\/pl\/wp-json\/wp\/v2\/media?parent=581"}],"wp:term":[{"taxonomy":"yst_prominent_words","embeddable":true,"href":"https:\/\/ecoinecho.com\/pl\/wp-json\/wp\/v2\/yst_prominent_words?post=581"}],"curies":[{"name":"wp","href":"https:\/\/api.w.org\/{rel}","templated":true}]}}